{"id":1723,"date":"2025-01-19T15:11:30","date_gmt":"2025-01-19T15:11:30","guid":{"rendered":"https:\/\/www.coolmoroccotrips.com\/politica-de-reservas\/"},"modified":"2025-02-24T11:23:58","modified_gmt":"2025-02-24T11:23:58","slug":"politica-de-reservas","status":"publish","type":"page","link":"https:\/\/www.coolmoroccotrips.com\/es\/politica-de-reservas\/","title":{"rendered":"Pol\u00edtica de Reservas"},"content":{"rendered":"\t\t<div data-elementor-type=\"wp-page\" data-elementor-id=\"1723\" class=\"elementor elementor-1723 elementor-36\" data-elementor-post-type=\"page\">\n\t\t\t\t<div class=\"elementor-element elementor-element-65a66128 e-flex e-con-boxed e-con e-parent\" data-id=\"65a66128\" data-element_type=\"container\" data-e-type=\"container\" data-settings=\"{&quot;background_background&quot;:&quot;classic&quot;}\">\n\t\t\t\t\t<div class=\"e-con-inner\">\n\t\t\t\t<div class=\"elementor-element elementor-element-23b803c6 elementor-widget elementor-widget-heading\" data-id=\"23b803c6\" data-element_type=\"widget\" data-e-type=\"widget\" data-widget_type=\"heading.default\">\n\t\t\t\t<div class=\"elementor-widget-container\">\n\t\t\t\t\t<h1 class=\"elementor-heading-title elementor-size-default\">Pol\u00edtica de Reservas<\/h1>\t\t\t\t<\/div>\n\t\t\t\t<\/div>\n\t\t\t\t\t<\/div>\n\t\t\t\t<\/div>\n\t\t<div class=\"elementor-element elementor-element-c4cc406 e-flex e-con-boxed e-con e-parent\" data-id=\"c4cc406\" data-element_type=\"container\" data-e-type=\"container\">\n\t\t\t\t\t<div class=\"e-con-inner\">\n\t\t\t\t<div class=\"elementor-element elementor-element-ecdfe7e elementor-widget elementor-widget-heading\" data-id=\"ecdfe7e\" data-element_type=\"widget\" data-e-type=\"widget\" data-widget_type=\"heading.default\">\n\t\t\t\t<div class=\"elementor-widget-container\">\n\t\t\t\t\t<h3 class=\"elementor-heading-title elementor-size-default\">Reserve su Tour con Cool Morocco Trips<\/h3>\t\t\t\t<\/div>\n\t\t\t\t<\/div>\n\t\t\t\t<div class=\"elementor-element elementor-element-51e7ec9 elementor-widget elementor-widget-text-editor\" data-id=\"51e7ec9\" data-element_type=\"widget\" data-e-type=\"widget\" data-widget_type=\"text-editor.default\">\n\t\t\t\t<div class=\"elementor-widget-container\">\n\t\t\t\t\t\t\t\t\t<p>\u00a1Gracias por elegirnos para tu pr\u00f3xima aventura!<span style=\"color: var( --e-global-color-text ); font-family: var( --e-global-typography-text-font-family ), Sans-serif; font-weight: var( --e-global-typography-text-font-weight ); text-align: var(--text-align); background-color: var( --e-global-color-0fafcc9 );\">\u00a0Para proceder con la reserva de tu viaje, a continuaci\u00f3n se detallan las formas de pago disponibles<\/span><\/p><p><b>Formas de pago:<\/b><\/p><ul><li>Aceptamos tarjetas de cr\u00e9dito \/ d\u00e9bito, PayPal o transferencia bancaria.<\/li><li>Se requiere un dep\u00f3sito del 30% del pago total para confirmar una reserva.<\/li><li>El saldo total se paga en efectivo el primer d\u00eda de su recorrido a su gu\u00eda o conductor.<\/li><\/ul><p><b>T\u00e9rminos y condiciones de reserva:<\/b><\/p><p>Sabemos que los planes pueden cambiar, por lo que hemos trabajado para que nuestra pol\u00edtica de cancelaci\u00f3n sea lo m\u00e1s flexible posible<\/p><p><strong>Cancelaci\u00f3n Anticipada:<\/strong><\/p><p>Si cancela su viaje 15 d\u00edas o m\u00e1s antes del comienzo del viaje, recibir\u00e1 un reembolso completo de todos los pagos realizados.<\/p><p><strong>Cancelaci\u00f3n Tard\u00eda:<\/strong><\/p><p>Si cancela su viaje en el per\u00edodo que consta de 10 a 14 d\u00edas antes de la fecha de inicio de su viaje, recibir\u00e1 un reembolso del 50% del monto total que pag\u00f3.<br \/>Si cancela en menos de 9 d\u00edas de la fecha de inicio de su recorrido, no podr\u00e1 recuperar sus pagos, pero: Estaremos encantados de reprogramar su recorrido o hacer arreglos alternativos en funci\u00f3n de sus nuevos planes.<br \/>Podemos mantener su dep\u00f3sito a su nombre como cr\u00e9dito para un viaje futuro con Cool Morocco Trips.<\/p>\t\t\t\t\t\t\t\t<\/div>\n\t\t\t\t<\/div>\n\t\t\t\t\t<\/div>\n\t\t\t\t<\/div>\n\t\t\t\t<\/div>\n\t\t","protected":false},"excerpt":{"rendered":"<p>Pol\u00edtica de Reservas Reserve su Tour con Cool Morocco Trips \u00a1Gracias por elegirnos para tu pr\u00f3xima aventura!\u00a0Para proceder con la reserva de tu viaje, a continuaci\u00f3n se detallan las formas de pago disponibles Formas de pago: Aceptamos tarjetas de cr\u00e9dito \/ d\u00e9bito, PayPal o transferencia bancaria. Se requiere un dep\u00f3sito del 30% del pago total &#8230; <a title=\"Pol\u00edtica de Reservas\" class=\"read-more\" href=\"https:\/\/www.coolmoroccotrips.com\/es\/politica-de-reservas\/\" aria-label=\"Leer m\u00e1s sobre Pol\u00edtica de Reservas\">Leer m\u00e1s<\/a><\/p>\n","protected":false},"author":1,"featured_media":0,"parent":0,"menu_order":0,"comment_status":"closed","ping_status":"closed","template":"","meta":{"footnotes":""},"class_list":["post-1723","page","type-page","status-publish"],"_links":{"self":[{"href":"https:\/\/www.coolmoroccotrips.com\/es\/wp-json\/wp\/v2\/pages\/1723","targetHints":{"allow":["GET"]}}],"collection":[{"href":"https:\/\/www.coolmoroccotrips.com\/es\/wp-json\/wp\/v2\/pages"}],"about":[{"href":"https:\/\/www.coolmoroccotrips.com\/es\/wp-json\/wp\/v2\/types\/page"}],"author":[{"embeddable":true,"href":"https:\/\/www.coolmoroccotrips.com\/es\/wp-json\/wp\/v2\/users\/1"}],"replies":[{"embeddable":true,"href":"https:\/\/www.coolmoroccotrips.com\/es\/wp-json\/wp\/v2\/comments?post=1723"}],"version-history":[{"count":10,"href":"https:\/\/www.coolmoroccotrips.com\/es\/wp-json\/wp\/v2\/pages\/1723\/revisions"}],"predecessor-version":[{"id":2165,"href":"https:\/\/www.coolmoroccotrips.com\/es\/wp-json\/wp\/v2\/pages\/1723\/revisions\/2165"}],"wp:attachment":[{"href":"https:\/\/www.coolmoroccotrips.com\/es\/wp-json\/wp\/v2\/media?parent=1723"}],"curies":[{"name":"wp","href":"https:\/\/api.w.org\/{rel}","templated":true}]}}